{"id":5745,"date":"2022-10-18T22:28:06","date_gmt":"2022-10-18T21:28:06","guid":{"rendered":"https:\/\/worx.pt\/terms-and-conditions\/"},"modified":"2023-05-22T13:57:22","modified_gmt":"2023-05-22T13:57:22","slug":"terms-and-conditions","status":"publish","type":"page","link":"https:\/\/worx.pt\/en\/terms-and-conditions\/","title":{"rendered":"Terms and Conditions"},"content":{"rendered":"\t\t<div data-elementor-type=\"wp-page\" data-elementor-id=\"5745\" class=\"elementor elementor-5745 elementor-3380\" data-elementor-post-type=\"page\">\n\t\t\t\t\t\t<section data-dce-background-image-url=\"https:\/\/worx.pt\/wp-content\/uploads\/2022\/09\/Banner_research.png\" class=\"elementor-section elementor-top-section elementor-element elementor-element-04dd04f elementor-section-full_width elementor-section-height-default elementor-section-height-default\" data-id=\"04dd04f\" data-element_type=\"section\" data-e-type=\"section\" data-settings=\"{&quot;jet_parallax_layout_list&quot;:[],&quot;background_background&quot;:&quot;classic&quot;,&quot;background_motion_fx_motion_fx_scrolling&quot;:&quot;yes&quot;,&quot;background_motion_fx_translateY_effect&quot;:&quot;yes&quot;,&quot;background_motion_fx_translateY_speed&quot;:{&quot;unit&quot;:&quot;px&quot;,&quot;size&quot;:2.5,&quot;sizes&quot;:[]},&quot;background_motion_fx_translateY_affectedRange&quot;:{&quot;unit&quot;:&quot;%&quot;,&quot;size&quot;:&quot;&quot;,&quot;sizes&quot;:{&quot;start&quot;:0,&quot;end&quot;:100}},&quot;background_motion_fx_devices&quot;:[&quot;desktop&quot;,&quot;tablet&quot;,&quot;mobile&quot;]}\">\n\t\t\t\t\t\t<div class=\"elementor-container elementor-column-gap-default\">\n\t\t\t\t\t<div class=\"elementor-column elementor-col-100 elementor-top-column elementor-element elementor-element-27ccc6f\" data-id=\"27ccc6f\" data-element_type=\"column\" data-e-type=\"column\">\n\t\t\t<div class=\"elementor-widget-wrap elementor-element-populated\">\n\t\t\t\t\t\t<section class=\"elementor-section elementor-inner-section elementor-element elementor-element-92547bd elementor-section-boxed elementor-section-height-default elementor-section-height-default\" data-id=\"92547bd\" data-element_type=\"section\" data-e-type=\"section\" data-settings=\"{&quot;jet_parallax_layout_list&quot;:[]}\">\n\t\t\t\t\t\t<div class=\"elementor-container elementor-column-gap-default\">\n\t\t\t\t\t<div class=\"elementor-column elementor-col-100 elementor-inner-column elementor-element elementor-element-22e860c\" data-id=\"22e860c\" data-element_type=\"column\" data-e-type=\"column\">\n\t\t\t<div class=\"elementor-widget-wrap elementor-element-populated\">\n\t\t\t\t\t\t<div data-dce-title-color=\"#FFFFFF\" class=\"elementor-element elementor-element-608262f elementor-widget elementor-widget-heading\" data-id=\"608262f\" data-element_type=\"widget\" data-e-type=\"widget\" data-widget_type=\"heading.default\">\n\t\t\t\t<div class=\"elementor-widget-container\">\n\t\t\t\t\t<h1 class=\"elementor-heading-title elementor-size-default\">Terms and Conditions<\/h1>\t\t\t\t<\/div>\n\t\t\t\t<\/div>\n\t\t\t\t\t<\/div>\n\t\t<\/div>\n\t\t\t\t\t<\/div>\n\t\t<\/section>\n\t\t\t\t\t<\/div>\n\t\t<\/div>\n\t\t\t\t\t<\/div>\n\t\t<\/section>\n\t\t\t\t<section class=\"elementor-section elementor-top-section elementor-element elementor-element-a7a44ee elementor-section-boxed elementor-section-height-default elementor-section-height-default\" data-id=\"a7a44ee\" data-element_type=\"section\" data-e-type=\"section\" data-settings=\"{&quot;jet_parallax_layout_list&quot;:[]}\">\n\t\t\t\t\t\t<div class=\"elementor-container elementor-column-gap-default\">\n\t\t\t\t\t<div class=\"elementor-column elementor-col-100 elementor-top-column elementor-element elementor-element-de9235d\" data-id=\"de9235d\" data-element_type=\"column\" data-e-type=\"column\">\n\t\t\t<div class=\"elementor-widget-wrap elementor-element-populated\">\n\t\t\t\t\t\t<div class=\"elementor-element elementor-element-d4aadf5 elementor-widget__width-initial elementor-widget elementor-widget-heading\" data-id=\"d4aadf5\" data-element_type=\"widget\" data-e-type=\"widget\" data-widget_type=\"heading.default\">\n\t\t\t\t<div class=\"elementor-widget-container\">\n\t\t\t\t\t<h2 class=\"elementor-heading-title elementor-size-default\">Terms and <span style=\"color:#ff0000;font-weight:600\">Conditions<\/span><\/h2>\t\t\t\t<\/div>\n\t\t\t\t<\/div>\n\t\t\t\t<div class=\"elementor-element elementor-element-d22c1a7 elementor-widget__width-initial elementor-widget elementor-widget-text-editor\" data-id=\"d22c1a7\" data-element_type=\"widget\" data-e-type=\"widget\" data-widget_type=\"text-editor.default\">\n\t\t\t\t<div class=\"elementor-widget-container\">\n\t\t\t\t\t\t\t\t\t<p>The purpose of this website is to provide general information about WORX, Sociedade de Media\u00e7\u00e3o Imobili\u00e1ria, Lda (hereinafter WORX) and its activity. No content of the website may be considered as a means to establish relationships of a professional nature.<\/p>\n<p>Users of this website must not use or disclose the information contained therein without previously consulting a lawyer.<\/p>\n<p>A WORX n\u00e3o \u00e9 respons\u00e1vel perante quaisquer Utilizadores deste website por quaisquer danos decorrentes da utiliza\u00e7\u00e3o das informa\u00e7\u00f5es nele contidas.<\/p>\n<p><strong>Links to other websites<\/strong><\/p>\n<p>This website contains links to third-party websites. These links are provided only for the convenience of users of this website.<\/p>\n<p>WORX is not responsible for the content of any third-party websites to which links are made available.<\/p>\n<p><strong>Intellectual Property Rights<\/strong><\/p>\n<p>The user accepts that all contents of this website are protected by Intellectual Property Rights.<\/p>\n<p>Any texts, images, brands or logotypes contained in the website (hereinafter referred to as &#8220;website content&#8221;), no matter how they are represented, are property of WORX, are registered in favour of it or have been duly licensed in favour of it.<\/p>\n<p>Any use involving transmission, publication, modification or copy of the website contents is subject to previous authorization by WORX.<\/p>\n<p>At no time, except by express manifestation, access or use of the website confers the user any right over the content of the website.<\/p>\n<p><strong>Personal Data Treatment<\/strong><\/p>\n<p>The protection of your personal data is important to WORX. For more detailed information concerning the way we treat your personal data, please consult our Privacy Policy.<\/p>\n<p><strong>Cookies<\/strong><\/p>\n<p>The website uses cookies. For more detailed information on how we treat your personal data please see our Cookie Policy.<\/p>\n<p><strong>Acceptance of Terms of Use<\/strong><\/p>\n<p>By using this website, you agree to these Terms of Use. If we change these Terms of Use, the Cookie Policy or the Privacy Policy, those changes will be posted on this website.<\/p>\n\t\t\t\t\t\t\t\t<\/div>\n\t\t\t\t<\/div>\n\t\t\t\t\t<\/div>\n\t\t<\/div>\n\t\t\t\t\t<\/div>\n\t\t<\/section>\n\t\t\t\t<section data-dce-background-image-url=\"https:\/\/worx.pt\/wp-content\/uploads\/2022\/09\/IMG_newsletter.png\" class=\"elementor-section elementor-top-section elementor-element elementor-element-20bf619 elementor-section-boxed elementor-section-height-default elementor-section-height-default\" data-id=\"20bf619\" data-element_type=\"section\" data-e-type=\"section\" data-settings=\"{&quot;jet_parallax_layout_list&quot;:[],&quot;background_background&quot;:&quot;classic&quot;}\">\n\t\t\t\t\t\t<div class=\"elementor-container elementor-column-gap-default\">\n\t\t\t\t\t<div class=\"elementor-column elementor-col-100 elementor-top-column elementor-element elementor-element-2bcf747\" data-id=\"2bcf747\" data-element_type=\"column\" data-e-type=\"column\">\n\t\t\t<div class=\"elementor-widget-wrap elementor-element-populated\">\n\t\t\t\t\t\t<div data-dce-title-color=\"#FFFFFF\" class=\"elementor-element elementor-element-c6cca99 elementor-widget elementor-widget-heading\" data-id=\"c6cca99\" data-element_type=\"widget\" data-e-type=\"widget\" data-widget_type=\"heading.default\">\n\t\t\t\t<div class=\"elementor-widget-container\">\n\t\t\t\t\t<h4 class=\"elementor-heading-title elementor-size-default\"><strong>Subscribe to our newsletter<\/strong><br \/>and get our latest reports first hand!\u200b<\/h4>\t\t\t\t<\/div>\n\t\t\t\t<\/div>\n\t\t\t\t<div class=\"elementor-element elementor-element-e9b41e0 elementor-widget__width-initial elementor-widget-mobile__width-initial elementor-widget elementor-widget-egoi-simple-form\" data-id=\"e9b41e0\" data-element_type=\"widget\" data-e-type=\"widget\" data-widget_type=\"egoi-simple-form.default\">\n\t\t\t\t<div class=\"elementor-widget-container\">\n\t\t\t\t\t\t\t<form id=\"elementor-egoi-form\" method=\"post\" action=\"\/\">\n\t\t<div class=\"egoi_elementor_form_wrapper_custom egoi_elementor_form_row\" >\n\t\t<input type=\"hidden\" id=\"egoi_tag\" name=\"egoi_tag\" value=\"0\">\n\t\t<input type=\"hidden\" id=\"elementorEgoiForm\" name=\"elementorEgoiForm\" value=\"e9b41e0\">\n\t\t<input type=\"hidden\" id=\"egoi_list\" name=\"egoi_list\" value=\"10\">\n\t\t<input type=\"hidden\" id=\"egoi_double_optin\" name=\"egoi_double_optin\" value=\"1\">\n        <input type=\"hidden\" name=\"security\" id=\"security\"  value=\"egoi_validator_69ea002ecdc2e\">\n\n            \t\t\t\t<p class=\"egoi_elementor_entry_wrapper_custom egoi_elementor_entry_wrapper egoi_elementor_form_field egoi_elementor_form_field_row\">\n\t\t\t\t<label for=\"egoiElementor_first_name\">Nome<\/label>\n\t\t\t\t<input type=\"text\" class=\"egoi_elementor_form_field\" name=\"first_name\" id=\"egoiElementor_first_name\" placeholder=\"Nome\" \/>\n\t\t\t\t<\/p>\n            \t\t\t\t<p class=\"egoi_elementor_entry_wrapper_custom egoi_elementor_entry_wrapper egoi_elementor_form_field egoi_elementor_form_field_row\">\n\t\t\t\t<label for=\"egoiElementor_email\">Email<\/label>\n\t\t\t\t<input type=\"text\" class=\"egoi_elementor_form_field\" name=\"email\" id=\"egoiElementor_email\" placeholder=\"Email\" \/>\n\t\t\t\t<\/p>\n                    <p class=\"egoi_elementor_entry_wrapper egoi_elementor_button_start\"><button style=\"background-color: ;color: \" type=\"submit\" id=\"egoi_elm_submit_button_e9b41e0\" >Subscrever<\/button><\/p>\n\t\t<\/div>\n\n        \t\t\t<p class=\"egoi_simple_form_tof_wrapper egoi_elementor_button_start egoi_simple_form_tof_wrapper_custom\"><input type=\"checkbox\" id=\"egoi_tof\" name=\"egoi_tof\" value=\"true\"><span>I agree to <a target=\"_blank\" href=\"https:\/\/worx.pt\/?page_id=3380\" >terms & conditions<\/a> <span style=\"color: red;font-weight: bold\">*<\/span><\/span><\/p>\n\t\t\n\t\t<p id=\"message_e9b41e0\" class=\"egoi_simple_form_message_wrapper_custom egoi_simple_form_success_wrapper\" style=\"margin:10px 0px; padding:12px; display:none;\"><\/p>\n\t\t<\/form>\n\n\t\t<script>\n                jQuery(document).ready(function($) {\n                    var ajaxurl = \"https:\/\/worx.pt\/wp-admin\/admin-ajax.php\";\n                    var submitButton = $(\"#egoi_elm_submit_button_e9b41e0\");\n                    function getFormData($form){\n                        var unindexed_array = $form.serializeArray();\n                        var indexed_array = {};             \n                        $.map(unindexed_array, function(n, i){\n                            indexed_array[n['name']] = n['value'];\n                        });\n                        return indexed_array;\n                    }\n                    \n                    function displayMessage(message, type = \"error\"){\n                            if(type == \"error\"){\n                                jQuery( \"#message_e9b41e0\" ).css({\n                                    \"color\": \"#9F6000\",\n                                    \"background-color\": \"#FFD2D2\"\n                                });\n                            }else{\n                                 jQuery( \"#message_e9b41e0\" ).css({\n                                    \"color\": \"#4F8A10\",\n                                    \"background-color\": \"#DFF2BF\"\n                                });\n\n                            }\n                            jQuery( \"#message_e9b41e0\" ).empty().append( message ).slideDown( \"slow\" );\n                            setTimeout(function(){\n                                jQuery( \"#message_e9b41e0\" ).slideUp( \"slow\" );\n                             }, 5000);\n                    }\n                    \n                    var form = $(\"#elementor-egoi-form\");\n                    form.submit(function(e){\n                        e.preventDefault();\n                        jQuery( \"#message_e9b41e0\" ).slideUp( \"slow\" );\n                        var inputData = getFormData($(this));\n                        inputData[\"action\"] = \"egoi_simple_form_submit\";\n                        if(inputData.egoi_tof === undefined){\n                            displayMessage(\"You must agree with terms & conditions.\")\n                            return false;\n                        }\n                        submitButton.prop(\"disabled\", true);\n                        var posting = jQuery.post(ajaxurl, inputData);\n    \n                        posting.done(function( data ) {\n                            console.log(data)\n                            if (data.substring(0, 5) != \"ERROR\") {\n                                displayMessage(data, \"success\")\n\t\t\t\t\t\t\t\t\n                                if(inputData.egoi_redirect !== undefined){\n                                    setTimeout(function(){\n                                        window.location.href = inputData.egoi_redirect;\n                                     }, 3000);\n                                }\n                            } else {\n                                displayMessage(data)\n                            }\n                            submitButton.prop(\"disabled\", false);\n                            \n                        });\n                        \n                        \n                    });\n                });\n\n        <\/script>\n\n\t\t<style>selector label{\n    display:none;\n}\nselector p{\n    margin:0 3px;\n}\nselector input{\n    border-radius:0;\n    border:0;\n    font-size:13px;\n    padding:0.56rem 1rem;\n}\nselector button{\n    padding:0.5rem 25px;\n    font-size:13px;\n}\nselector .egoi_simple_form_tof_wrapper{\n    text-align: center;\n    display:block;\n    margin-top:10px;\n    color:#fff;\n}<\/style>\n\n        \t\t\t\t<\/div>\n\t\t\t\t<\/div>\n\t\t\t\t\t<\/div>\n\t\t<\/div>\n\t\t\t\t\t<\/div>\n\t\t<\/section>\n\t\t\t\t<\/div>\n\t\t","protected":false},"excerpt":{"rendered":"<p>Terms and Conditions The purpose of this website is to provide general information about WORX, Sociedade de Media\u00e7\u00e3o Imobili\u00e1ria, Lda (hereinafter WORX) and its activity. No content of the website may be considered as a means to establish relationships of a professional nature. Users of this website must not use or disclose the information contained [&hellip;]<\/p>\n","protected":false},"author":26,"featured_media":2134,"parent":0,"menu_order":2,"comment_status":"closed","ping_status":"closed","template":"","meta":{"_acf_changed":false,"footnotes":""},"class_list":["post-5745","page","type-page","status-publish","has-post-thumbnail","hentry"],"acf":[],"_links":{"self":[{"href":"https:\/\/worx.pt\/en\/wp-json\/wp\/v2\/pages\/5745","targetHints":{"allow":["GET"]}}],"collection":[{"href":"https:\/\/worx.pt\/en\/wp-json\/wp\/v2\/pages"}],"about":[{"href":"https:\/\/worx.pt\/en\/wp-json\/wp\/v2\/types\/page"}],"author":[{"embeddable":true,"href":"https:\/\/worx.pt\/en\/wp-json\/wp\/v2\/users\/26"}],"replies":[{"embeddable":true,"href":"https:\/\/worx.pt\/en\/wp-json\/wp\/v2\/comments?post=5745"}],"version-history":[{"count":0,"href":"https:\/\/worx.pt\/en\/wp-json\/wp\/v2\/pages\/5745\/revisions"}],"wp:featuredmedia":[{"embeddable":true,"href":"https:\/\/worx.pt\/en\/wp-json\/wp\/v2\/media\/2134"}],"wp:attachment":[{"href":"https:\/\/worx.pt\/en\/wp-json\/wp\/v2\/media?parent=5745"}],"curies":[{"name":"wp","href":"https:\/\/api.w.org\/{rel}","templated":true}]}}