{"id":5768,"date":"2022-10-19T12:28:15","date_gmt":"2022-10-19T11:28:15","guid":{"rendered":"https:\/\/worx.pt\/privacy-policy\/"},"modified":"2023-05-22T14:04:39","modified_gmt":"2023-05-22T14:04:39","slug":"privacy-policy","status":"publish","type":"page","link":"https:\/\/worx.pt\/en\/privacy-policy\/","title":{"rendered":"Privacy Policy"},"content":{"rendered":"\t\t<div data-elementor-type=\"wp-page\" data-elementor-id=\"5768\" data-post-id=\"5768\" data-obj-id=\"5768\" class=\"elementor elementor-5768 dce-elementor-post-5768 elementor-3\">\n\t\t\t\t\t\t\t\t\t<section data-dce-background-image-url=\"https:\/\/worx.pt\/wp-content\/uploads\/2022\/09\/Banner_research.png\" class=\"elementor-section elementor-top-section elementor-element elementor-element-c3c1bab elementor-section-full_width elementor-section-height-default elementor-section-height-default\" data-id=\"c3c1bab\" data-element_type=\"section\" data-settings=\"{&quot;jet_parallax_layout_list&quot;:[],&quot;background_background&quot;:&quot;classic&quot;,&quot;background_motion_fx_motion_fx_scrolling&quot;:&quot;yes&quot;,&quot;background_motion_fx_translateY_effect&quot;:&quot;yes&quot;,&quot;background_motion_fx_translateY_speed&quot;:{&quot;unit&quot;:&quot;px&quot;,&quot;size&quot;:2.5,&quot;sizes&quot;:[]},&quot;background_motion_fx_translateY_affectedRange&quot;:{&quot;unit&quot;:&quot;%&quot;,&quot;size&quot;:&quot;&quot;,&quot;sizes&quot;:{&quot;start&quot;:0,&quot;end&quot;:100}},&quot;background_motion_fx_devices&quot;:[&quot;desktop&quot;,&quot;tablet&quot;,&quot;mobile&quot;]}\">\n\t\t\t\t\t\t<div class=\"elementor-container elementor-column-gap-default\">\n\t\t\t\t\t<div class=\"elementor-column elementor-col-100 elementor-top-column elementor-element elementor-element-a816a3a\" data-id=\"a816a3a\" data-element_type=\"column\">\n\t\t\t<div class=\"elementor-widget-wrap elementor-element-populated\">\n\t\t\t\t\t\t\t\t<section class=\"elementor-section elementor-inner-section elementor-element elementor-element-bcbf33a elementor-section-boxed elementor-section-height-default elementor-section-height-default\" data-id=\"bcbf33a\" data-element_type=\"section\" data-settings=\"{&quot;jet_parallax_layout_list&quot;:[]}\">\n\t\t\t\t\t\t<div class=\"elementor-container elementor-column-gap-default\">\n\t\t\t\t\t<div class=\"elementor-column elementor-col-100 elementor-inner-column elementor-element elementor-element-0c78d03\" data-id=\"0c78d03\" data-element_type=\"column\">\n\t\t\t<div class=\"elementor-widget-wrap elementor-element-populated\">\n\t\t\t\t\t\t\t\t<div class=\"elementor-element elementor-element-27938b2 elementor-widget elementor-widget-heading\" data-id=\"27938b2\" data-element_type=\"widget\" data-widget_type=\"heading.default\">\n\t\t\t\t<div class=\"elementor-widget-container\">\n\t\t\t<style>\/*! elementor - v3.7.8 - 02-10-2022 *\/\n.elementor-heading-title{padding:0;margin:0;line-height:1}.elementor-widget-heading .elementor-heading-title[class*=elementor-size-]>a{color:inherit;font-size:inherit;line-height:inherit}.elementor-widget-heading .elementor-heading-title.elementor-size-small{font-size:15px}.elementor-widget-heading .elementor-heading-title.elementor-size-medium{font-size:19px}.elementor-widget-heading .elementor-heading-title.elementor-size-large{font-size:29px}.elementor-widget-heading .elementor-heading-title.elementor-size-xl{font-size:39px}.elementor-widget-heading .elementor-heading-title.elementor-size-xxl{font-size:59px}<\/style><h1 class=\"elementor-heading-title elementor-size-default\">Privacy Policy<\/h1>\t\t<\/div>\n\t\t\t\t<\/div>\n\t\t\t\t\t<\/div>\n\t\t<\/div>\n\t\t\t\t\t\t\t<\/div>\n\t\t<\/section>\n\t\t\t\t\t<\/div>\n\t\t<\/div>\n\t\t\t\t\t\t\t<\/div>\n\t\t<\/section>\n\t\t\t\t<section class=\"elementor-section elementor-top-section elementor-element elementor-element-578faf7 elementor-section-boxed elementor-section-height-default elementor-section-height-default\" data-id=\"578faf7\" data-element_type=\"section\" data-settings=\"{&quot;jet_parallax_layout_list&quot;:[]}\">\n\t\t\t\t\t\t<div class=\"elementor-container elementor-column-gap-default\">\n\t\t\t\t\t<div class=\"elementor-column elementor-col-100 elementor-top-column elementor-element elementor-element-a9201a6\" data-id=\"a9201a6\" data-element_type=\"column\">\n\t\t\t<div class=\"elementor-widget-wrap elementor-element-populated\">\n\t\t\t\t\t\t\t\t<div class=\"elementor-element elementor-element-c1e8787 elementor-widget__width-initial elementor-widget elementor-widget-heading\" data-id=\"c1e8787\" data-element_type=\"widget\" data-widget_type=\"heading.default\">\n\t\t\t\t<div class=\"elementor-widget-container\">\n\t\t\t<h2 class=\"elementor-heading-title elementor-size-default\">Privacy <span style=\"color:#ff0000;font-weight:600\">Policy<\/span><\/h2>\t\t<\/div>\n\t\t\t\t<\/div>\n\t\t\t\t<div class=\"elementor-element elementor-element-b7a6fdb elementor-widget__width-initial elementor-widget elementor-widget-text-editor\" data-id=\"b7a6fdb\" data-element_type=\"widget\" data-widget_type=\"text-editor.default\">\n\t\t\t\t<div class=\"elementor-widget-container\">\n\t\t\t<style>\/*! elementor - v3.7.8 - 02-10-2022 *\/\n.elementor-widget-text-editor.elementor-drop-cap-view-stacked .elementor-drop-cap{background-color:#818a91;color:#fff}.elementor-widget-text-editor.elementor-drop-cap-view-framed .elementor-drop-cap{color:#818a91;border:3px solid;background-color:transparent}.elementor-widget-text-editor:not(.elementor-drop-cap-view-default) .elementor-drop-cap{margin-top:8px}.elementor-widget-text-editor:not(.elementor-drop-cap-view-default) .elementor-drop-cap-letter{width:1em;height:1em}.elementor-widget-text-editor .elementor-drop-cap{float:left;text-align:center;line-height:1;font-size:50px}.elementor-widget-text-editor .elementor-drop-cap-letter{display:inline-block}<\/style>\t\t\t\tWORX, Sociedade de Media\u00e7\u00e3o Imobili\u00e1ria, Lda. complies with all applicable EU and national legal standards in the field of data protection, privacy and information security, in order to ensure regulatory compliance and the demonstration or evidencing of institutional responsibility for data protection and information security, implementing all technical and organisational measures necessary, both to comply with the general legal regime of the Data Protection Act in force, and to comply with the special legal regime of the General Regulation on Data Protection, applicable from 25 May 2018.\r\n\r\n<strong>Definitions<\/strong>\r\n\r\n&#8220;Personal data&#8221;\r\n\r\n&#8220;Personal data&#8221; means information relating to an identified or identifiable natural person (&#8220;data subject&#8221;). An identifiable natural person is a natural person who can be identified, directly or indirectly, in particular by reference to an identifier. Personal identifiers shall be considered to include, for example, a name, an identification number, location data, electronic identifiers or one or more factors specific to the physical, physiological, genetic, mental, economic, cultural or social identity of that natural person.\r\n\r\n&#8220;processing of personal data&#8221; means\r\n\r\n&#8220;Processing&#8221; means an operation or set of operations which is performed upon personal data or sets of personal data, by automated or non-automated means, such as collection, recording, organisation, structuring, storage, adaptation or alteration, retrieval, consultation, use, disclosure by transmission, dissemination or otherwise making available, alignment or combination, restriction, erasure or destruction.\r\n\r\n&nbsp;\r\n\r\n<strong>Additional information<\/strong>\r\n\r\nProtection of your personal data is important to WORX, Sociedade de Media\u00e7\u00e3o Imobili\u00e1ria, Lda. In processing your personal data we follow the principles of lawfulness, loyalty, transparency, purpose limitation, data minimization, accuracy, limitation of storage, integrity and confidentiality, and responsibility.\r\n\r\nThrough this Privacy Policy, we inform you that your personal data will be treated as follows:\r\n\r\n<strong>Who is in charge of the treatment of your personal data?<\/strong>\r\n\r\nWORX, Sociedade de Media\u00e7\u00e3o Imobili\u00e1ria, Lda., with registered office at Av. 5 de Outubro, 38 1050-057 Lisboa, registered at Conservat\u00f3ria do Registo Comercial de Lisboa under the single taxpayer identification number 514 167 661, with a share capital of 5.000,00 euros, hereinafter referred to as &#8220;WORX&#8221;, is responsible for the website and for the processing of your personal data.\r\n\r\n<strong>What are the purposes and legal grounds for processing your personal data?<\/strong>\r\n\r\nWe will process your personal data for the following purposes and on the following legal grounds\r\n<ul>\r\n \t<li>For the purpose of sending commercial communications related to our activity, we will process your personal data on the legal grounds of our legitimate interest in keeping you informed about our services and events, as well as, where applicable, your consent. This consent may be revoked at any time, without this, however, making unlawful the processing of personal data carried out on the basis of that consent until the date on which it is revoked. Where necessary, failure to provide your consent will prevent us from sending you commercial communications relating to our business.<\/li>\r\n \t<li>For the purpose of responding to requests, enquiries or complaints, we process your personal data on the legal grounds of our legitimate interest in providing you with a personalised, quality service and managing complaints.<\/li>\r\n \t<li>For the purpose of managing events organized or co-organized by WORX, we process your personal data based on our legitimate interest to organize events related to our activity.<\/li>\r\n \t<li>For recruitment purposes, we process your personal data on the legal grounds of pursuing the necessary pre-contractual diligences at your request, complying with legal obligations, our legitimate interest in analysing the applications submitted and, in some cases, your consent.<\/li>\r\n \t<li>To comply with the various legal obligations to which we are bound, we process your personal data on the legal basis of complying with legal obligations.<\/li>\r\n \t<li>For billing and administrative management, we process your personal data on the legal basis of contractual performance and compliance with legal obligations.<\/li>\r\n<\/ul>\r\n<strong>What categories of personal data do we process?<\/strong>\r\n\r\nWhen you communicate personal data to us via a form or through any other means of communication, we will, depending on the applicable purpose, process (non-exhaustive list)\r\n\r\n&nbsp;\r\n<ul>\r\n \t<li>Identification data, <em>e.g. name, date of birth, gender, address, contact details, citizen card details, passport, nationality;<\/em><\/li>\r\n \t<li>Data relating to academic qualifications, <em>e.g. education, qualifications, certifications, languages, CV;<\/em><\/li>\r\n \t<li>Professional and work experience data, <em>e.g. job title, position, job description, company, office address, former employer information<\/em><\/li>\r\n \t<li>Professional activity data, <em>e.g. business activities<\/em><\/li>\r\n<\/ul>\r\n<strong>How long do we keep your personal data?<\/strong>\r\n\r\nThe period for which we retain your personal data may vary depending on the purpose for which it was processed. Thus, we will retain your personal data for the following periods:\r\n<ul>\r\n \t<li>Sending commercial communications related to our activity: until you exercise your right to object or revoke your consent, whichever is applicable.<\/li>\r\n \t<li>Replying to requests, requests for clarification or complaints: until such time as the personal data are no longer necessary for the fulfilment of these purposes.<\/li>\r\n \t<li>WORX events management: during the time strictly necessary for the inscription, realization and subsequent evaluation of the event.<\/li>\r\n \t<li>Recruitment: during the time necessary to complete the recruitment process or until you revoke your consent, as applicable.<\/li>\r\n \t<li>Compliance with the various legal obligations to which we are bound: for as long as necessary to comply with the legal obligations that are applicable in each case.<\/li>\r\n \t<li>Invoicing and administrative management: for a period of 10 years.<\/li>\r\n<\/ul>\r\nShould the personal data be used for different purposes, which require us to keep them for different periods, we will apply the longest period.\r\n\r\n<strong>To which recipients will we communicate your personal data?<\/strong>\r\n\r\nWORX will not communicate your personal data to third parties except in compliance with legal obligations applicable in each case or when necessary for the rendering of services to be contracted.\r\n\r\n<strong>Which rights can you exercise as holder of personal data?<\/strong>\r\n<ul>\r\n \t<li>Access: You can obtain information about whether we are processing your personal data, as well as consult your personal data included in the archives of this company.<\/li>\r\n \t<li>Rectification: You may change your personal data when it is incorrect, as well as complete those which are incomplete.<\/li>\r\n \t<li>Deletion: You may request the deletion of your personal data when, among other reasons, the personal data is no longer necessary for the purposes for which it was collected.<\/li>\r\n \t<li>Objection: You may request that your personal data cease to be processed.<\/li>\r\n \t<li>Limitation of processing: You may request the limitation of the processing of your personal data in the following situations: (a) while contesting the accuracy of your personal data; (b) when the processing is unlawful and you have objected to it and requested the limitation of the use of your personal data.<\/li>\r\n<\/ul>\r\nIf you have any questions or wish to exercise these rights, you may send an e-mail to <a href=\"mailto:worx@worx.pt\">worx@worx.pt<\/a>. To exercise your rights, if necessary, you must enclose a copy of your citizen card or other document proving your identity. You should also indicate the right you wish to exercise. The exercise of your rights is free of charge except if it is a manifestly unfounded, excessive or repeated request.\r\n\r\nIf you consider that WORX has not processed your personal data in compliance with the applicable legislation, you may lodge a complaint with the competent control authority at <a href=\"https:\/\/www.cnpd.pt\" target=\"_blank\" rel=\"noopener\">www.cnpd.pt<\/a>.\r\n\r\nData of the Person Responsible for Treatment:\r\n\r\nIdentification: WORX, Sociedade de Media\u00e7\u00e3o Imobili\u00e1ria, Lda.\r\n\r\nFiscal Identification Number: 514 167 661\r\n\r\nHeadquarters: Av. 5 de Outubro, 38, 1050-057 Lisboa\r\n\r\nEmail: worx@worx.pt\r\n\r\nTelephone Contact: (+351) 217 999 960\r\n\r\nContact details of the Data Protection Officer:\r\n\r\nEmail: worx@worx.pt\r\n\r\nAddress: Av. 5 de Outubro, 38, 1050-057 Lisboa\t\t\t\t\t\t<\/div>\n\t\t\t\t<\/div>\n\t\t\t\t\t<\/div>\n\t\t<\/div>\n\t\t\t\t\t\t\t<\/div>\n\t\t<\/section>\n\t\t\t\t\t\t\t<\/div>\n\t\t","protected":false},"excerpt":{"rendered":"<p>Privacy Policy WORX, Sociedade de Media\u00e7\u00e3o Imobili\u00e1ria, Lda. complies with all applicable EU and national legal standards in the field of data protection, privacy and information security, in order to ensure regulatory compliance and the demonstration or evidencing of institutional responsibility for data protection and information security, implementing all technical and organisational measures necessary, both [&hellip;]<\/p>\n","protected":false},"author":20,"featured_media":2134,"parent":0,"menu_order":59,"comment_status":"closed","ping_status":"open","template":"","meta":[],"_links":{"self":[{"href":"https:\/\/worx.pt\/en\/wp-json\/wp\/v2\/pages\/5768"}],"collection":[{"href":"https:\/\/worx.pt\/en\/wp-json\/wp\/v2\/pages"}],"about":[{"href":"https:\/\/worx.pt\/en\/wp-json\/wp\/v2\/types\/page"}],"author":[{"embeddable":true,"href":"https:\/\/worx.pt\/en\/wp-json\/wp\/v2\/users\/20"}],"replies":[{"embeddable":true,"href":"https:\/\/worx.pt\/en\/wp-json\/wp\/v2\/comments?post=5768"}],"version-history":[{"count":0,"href":"https:\/\/worx.pt\/en\/wp-json\/wp\/v2\/pages\/5768\/revisions"}],"wp:featuredmedia":[{"embeddable":true,"href":"https:\/\/worx.pt\/en\/wp-json\/wp\/v2\/media\/2134"}],"wp:attachment":[{"href":"https:\/\/worx.pt\/en\/wp-json\/wp\/v2\/media?parent=5768"}],"curies":[{"name":"wp","href":"https:\/\/api.w.org\/{rel}","templated":true}]}}